{"id":48,"date":"2017-02-05T17:30:03","date_gmt":"2017-02-05T17:30:03","guid":{"rendered":"http:\/\/frutarija.hr\/en\/?page_id=48"},"modified":"2017-08-03T10:56:47","modified_gmt":"2017-08-03T10:56:47","slug":"posao","status":"publish","type":"page","link":"http:\/\/frutarija.hr\/en\/posao\/","title":{"rendered":"JOBS"},"content":{"rendered":"<p>[et_pb_section fb_built=&#8221;1&#8243; admin_label=&#8221;section&#8221;][et_pb_row admin_label=&#8221;row&#8221; custom_padding=&#8221;27px|0px|27px|0px&#8221;][et_pb_column type=&#8221;4_4&#8243; parallax=&#8221;off&#8221; parallax_method=&#8221;on&#8221;][et_pb_text admin_label=&#8221;Text&#8221;]<\/p>\n<h1 class=\"section-heading\" style=\"text-align: center;\">There are no current job vacancies<\/h1>\n<div class=\"section-line bg-color mb-50 mb-xs-30\" style=\"text-align: center;\">\n<hr \/>\n<\/div>\n<div class=\"section-text mb-50 mb-xs-30\">\n<p style=\"text-align: center;\"><span style=\"font-family: Arial, sans-serif; font-size: 10.5pt; text-align: left;\">All jobs are currently filled. If you think however that with your competences you would make a valuable part of our team in Lipik or Split, please send your CV to<\/span>&nbsp;<a href=\"mailto:frutarija@frutarija.hr\">frutarija@frutarija.hr<\/a>&nbsp;.&nbsp;<span style=\"font-family: Arial, sans-serif; font-size: 10.5pt; text-align: left;\">We will try to reply to each request, and contact you in case of open job position.<\/span><\/p>\n<\/div>\n<p>[\/et_pb_text][\/et_pb_column][\/et_pb_row][\/et_pb_section]<\/p>\n","protected":false},"excerpt":{"rendered":"<p>There are no current job vacancies All jobs are currently filled. If you think however that with your competences you would make a valuable part of our team in Lipik or Split, please send your CV to&nbsp;frutarija@frutarija.hr&nbsp;.&nbsp;We will try to reply to each request, and contact you in case of open job position.<\/p>\n","protected":false},"author":1,"featured_media":0,"parent":0,"menu_order":0,"comment_status":"closed","ping_status":"closed","template":"","meta":{"_et_pb_use_builder":"on","_et_pb_old_content":"<h1 class=\"section-heading\" style=\"text-align: center;\">Trenutno nema otvorenih natje\u010daja za radna mjesta<\/h1>\r\n\u00a0\r\n<div class=\"section-line bg-color mb-50 mb-xs-30\" style=\"text-align: center;\">\r\n\r\n<hr \/>\r\n\r\n<\/div>\r\n<div class=\"section-text mb-50 mb-xs-30\">\r\n<p style=\"text-align: center;\"><\/p>\r\n<p style=\"text-align: center;\">Sva radna mjesta su trenutno popunjena. Ukoliko ipak\u00a0mislite da bi svojim kompetencijama bili vrijedan \u010dlan na\u0161eg tima u Lipiku ili Splitu, po\u0161aljite \u017eivotopis na <a href=\"mailto:posao@sistemi.hr\">posao@frutarija.hr<\/a>\u00a0. Poku\u0161at \u0107emo odgovoriti na svaki \u017eivotopis, a kada se otvori slobodn pozicija i eventualno vas kontaktirati.<\/p>\r\n\r\n<\/div>","_et_gb_content_width":""},"_links":{"self":[{"href":"http:\/\/frutarija.hr\/en\/wp-json\/wp\/v2\/pages\/48"}],"collection":[{"href":"http:\/\/frutarija.hr\/en\/wp-json\/wp\/v2\/pages"}],"about":[{"href":"http:\/\/frutarija.hr\/en\/wp-json\/wp\/v2\/types\/page"}],"author":[{"embeddable":true,"href":"http:\/\/frutarija.hr\/en\/wp-json\/wp\/v2\/users\/1"}],"replies":[{"embeddable":true,"href":"http:\/\/frutarija.hr\/en\/wp-json\/wp\/v2\/comments?post=48"}],"version-history":[{"count":13,"href":"http:\/\/frutarija.hr\/en\/wp-json\/wp\/v2\/pages\/48\/revisions"}],"predecessor-version":[{"id":447,"href":"http:\/\/frutarija.hr\/en\/wp-json\/wp\/v2\/pages\/48\/revisions\/447"}],"wp:attachment":[{"href":"http:\/\/frutarija.hr\/en\/wp-json\/wp\/v2\/media?parent=48"}],"curies":[{"name":"wp","href":"https:\/\/api.w.org\/{rel}","templated":true}]}}