{"id":168,"date":"2017-03-04T16:38:43","date_gmt":"2017-03-04T16:38:43","guid":{"rendered":"http:\/\/frutarija.hr\/en\/?page_id=168"},"modified":"2017-08-03T11:07:27","modified_gmt":"2017-08-03T11:07:27","slug":"ulo-hladnjaca-lipik","status":"publish","type":"page","link":"http:\/\/frutarija.hr\/en\/ulo-hladnjaca-lipik\/","title":{"rendered":"ULO STORAGE"},"content":{"rendered":"<p>[et_pb_section fb_built=&#8221;1&#8243; admin_label=&#8221;section&#8221;][et_pb_row admin_label=&#8221;Row&#8221;][et_pb_column type=&#8221;1_2&#8243; parallax=&#8221;off&#8221; parallax_method=&#8221;on&#8221;][et_pb_gallery gallery_ids=&#8221;267,268,269,270,271,272,273,93,95,65&#8243; fullwidth=&#8221;on&#8221; background_layout=&#8221;dark&#8221; auto=&#8221;on&#8221; auto_speed=&#8221;2500&#8243; admin_label=&#8221;Gallery&#8221;] [\/et_pb_gallery][\/et_pb_column][et_pb_column type=&#8221;1_2&#8243; parallax=&#8221;off&#8221; parallax_method=&#8221;on&#8221;][et_pb_text text_orientation=&#8221;justified&#8221; admin_label=&#8221;Text&#8221;]<\/p>\n<h1>ULO&nbsp;STORAGE &#8220;FRUTARIJA&#8221; IN LIPIK<\/h1>\n<hr \/>\n<p>&nbsp;<\/p>\n<p>Frutarija owns largest ULO storage in West Slavonia region with capacity of 3000 tons of fruits of vegetables. &#8220;ULO&#8221; = &#8220;Ultra Low Oxygen&#8221; is the most advanced technology for keeping fruits and vegetables.<\/p>\n<div class=\"entry-content\">\n<p><\/p>\n<p class=\"\">Address of the ULO storage is&nbsp;<a href=\"https:\/\/www.google.hr\/maps\/place\/Frutarija+d.o.o.\/@45.4082235,17.1687784,17.33z\/data=!4m5!3m4!1s0x0000000000000000:0x0ad8ad48a30e2e35!8m2!3d45.4080911!4d17.169534?hl=hr\" style=\"font-size: 14px; background-color: #ffffff;\">Industrijska Ulica 4, 34551 Lipik<\/a>&nbsp;in Lipik, Croatia. Technology of the storage is CA ULO (Controlled Atmosphere Ultra Low Oxygen). That is the most advanced technology available today, which allows stopping of ULO atmosphere in all chambers and starting them again in need. That means that all chambers can be open and closed whenever is necessary. This technology keeps fruit fresh longer than 1,5 years.<\/p>\n<p>U hladnja\u010di postoje i dvije komore za brzo hla\u0111enje sezonskog vo\u0107a. &nbsp;Komore su sposobne primati razno vo\u0107e (ne samo jabuku).&nbsp;Vo\u0107e se u hladnja\u010du stavlja u drvenim box paletama.&nbsp;Hladnja\u010da je opremljena najmodernijim LED osvjetljenjem &ldquo;Lumix-R&rdquo;.<\/p>\n<p><\/p>\n<p class=\"\">Inside storage, there are 2 fast-cooling chambers used for cooling seasonal fruit. Chambers are capable of storing all sorts of fruit. ULO storage is equipped with the modern LED lamps with high efficiency &#8220;Lumix-R&#8221;<\/p>\n<p><\/p>\n<p class=\"\">At the storage site, we do retail of fruits, vegetables, and 100% natural juices as well<\/p>\n<\/div>\n<p>[\/et_pb_text][et_pb_button button_url=&#8221;www.frutarija.hr\/en&#8221; button_text=&#8221;BACK TO HOME PAGE&#8221; button_alignment=&#8221;left&#8221; admin_label=&#8221;Button&#8221; background_color=&#8221;#7EBEC5&#8243;][\/et_pb_button][\/et_pb_column][\/et_pb_row][\/et_pb_section]<\/p>\n","protected":false},"excerpt":{"rendered":"<p>ULO&nbsp;STORAGE &#8220;FRUTARIJA&#8221; IN LIPIK &nbsp; Frutarija owns largest ULO storage in West Slavonia region with capacity of 3000 tons of fruits of vegetables. &#8220;ULO&#8221; = &#8220;Ultra Low Oxygen&#8221; is the most advanced technology for keeping fruits and vegetables. Address of the ULO storage is&nbsp;Industrijska Ulica 4, 34551 Lipik&nbsp;in Lipik, Croatia. Technology of the storage is [&hellip;]<\/p>\n","protected":false},"author":1,"featured_media":65,"parent":0,"menu_order":0,"comment_status":"closed","ping_status":"closed","template":"","meta":{"_et_pb_use_builder":"on","_et_pb_old_content":"","_et_gb_content_width":""},"_links":{"self":[{"href":"http:\/\/frutarija.hr\/en\/wp-json\/wp\/v2\/pages\/168"}],"collection":[{"href":"http:\/\/frutarija.hr\/en\/wp-json\/wp\/v2\/pages"}],"about":[{"href":"http:\/\/frutarija.hr\/en\/wp-json\/wp\/v2\/types\/page"}],"author":[{"embeddable":true,"href":"http:\/\/frutarija.hr\/en\/wp-json\/wp\/v2\/users\/1"}],"replies":[{"embeddable":true,"href":"http:\/\/frutarija.hr\/en\/wp-json\/wp\/v2\/comments?post=168"}],"version-history":[{"count":9,"href":"http:\/\/frutarija.hr\/en\/wp-json\/wp\/v2\/pages\/168\/revisions"}],"predecessor-version":[{"id":450,"href":"http:\/\/frutarija.hr\/en\/wp-json\/wp\/v2\/pages\/168\/revisions\/450"}],"wp:featuredmedia":[{"embeddable":true,"href":"http:\/\/frutarija.hr\/en\/wp-json\/wp\/v2\/media\/65"}],"wp:attachment":[{"href":"http:\/\/frutarija.hr\/en\/wp-json\/wp\/v2\/media?parent=168"}],"curies":[{"name":"wp","href":"https:\/\/api.w.org\/{rel}","templated":true}]}}